{"id":359,"date":"2019-03-26T08:56:16","date_gmt":"2019-03-26T08:56:16","guid":{"rendered":"http:\/\/46.101.224.205\/?page_id=359"},"modified":"2022-12-19T09:44:18","modified_gmt":"2022-12-19T09:44:18","slug":"musu-lapa-vel-top-bet-mums-ir-vakance","status":"publish","type":"page","link":"https:\/\/virtu.lv\/lv\/musu-lapa-vel-top-bet-mums-ir-vakance\/","title":{"rendered":"Mekl\u0113jam biroja vad\u012bt\u0101ju"},"content":{"rendered":"<p><\/p>\n<p>Arhitektu birojs virt\u00f9 mekl\u0113 kvalific\u0113tu biroja vad\u012bt\u0101ju!<br \/>\nLieli klienti un lieli pl\u0101ni, lielisks kolekt\u012bvs telp\u0101s pie Kalnciema kvart\u0101la.<br \/>\nV\u0113lama interese par arhitekt\u016bru un b\u016bvniec\u012bbu.<\/p>\n<p><a href=\"\/vakances\/\">Vakance &gt;<\/a><\/p>\n<p><\/p>","protected":false},"excerpt":{"rendered":"<p>Arhitektu birojs virt\u00f9 mekl\u0113 kvalific\u0113tu biroja vad\u012bt\u0101ju! Lieli klienti un lieli pl\u0101ni, lielisks kolekt\u012bvs telp\u0101s pie Kalnciema kvart\u0101la. V\u0113lama interese par arhitekt\u016bru un b\u016bvniec\u012bbu. Vakance &gt;<\/p>\n","protected":false},"author":1,"featured_media":0,"parent":0,"menu_order":0,"comment_status":"closed","ping_status":"closed","template":"cs.php","meta":[],"acf":[],"_links":{"self":[{"href":"https:\/\/virtu.lv\/lv\/wp-json\/wp\/v2\/pages\/359"}],"collection":[{"href":"https:\/\/virtu.lv\/lv\/wp-json\/wp\/v2\/pages"}],"about":[{"href":"https:\/\/virtu.lv\/lv\/wp-json\/wp\/v2\/types\/page"}],"author":[{"embeddable":true,"href":"https:\/\/virtu.lv\/lv\/wp-json\/wp\/v2\/users\/1"}],"replies":[{"embeddable":true,"href":"https:\/\/virtu.lv\/lv\/wp-json\/wp\/v2\/comments?post=359"}],"version-history":[{"count":13,"href":"https:\/\/virtu.lv\/lv\/wp-json\/wp\/v2\/pages\/359\/revisions"}],"predecessor-version":[{"id":1971,"href":"https:\/\/virtu.lv\/lv\/wp-json\/wp\/v2\/pages\/359\/revisions\/1971"}],"wp:attachment":[{"href":"https:\/\/virtu.lv\/lv\/wp-json\/wp\/v2\/media?parent=359"}],"curies":[{"name":"wp","href":"https:\/\/api.w.org\/{rel}","templated":true}]}}